{"id":655,"date":"2026-04-12T16:37:56","date_gmt":"2026-04-12T16:37:56","guid":{"rendered":"https:\/\/onukdigital.fr\/?page_id=655"},"modified":"2026-04-12T16:39:44","modified_gmt":"2026-04-12T16:39:44","slug":"mentions-legales","status":"publish","type":"page","link":"https:\/\/onukdigital.fr\/en\/mentions-legales\/","title":{"rendered":"Mentions L\u00e9gales"},"content":{"rendered":"<div data-elementor-type=\"wp-page\" data-elementor-id=\"655\" class=\"elementor elementor-655\" data-elementor-post-type=\"page\">\n\t\t\t\t<div data-particle_enable=\"false\" data-particle-mobile-disabled=\"false\" class=\"elementor-element elementor-element-e3ced7e e-flex e-con-boxed e-con e-parent\" data-id=\"e3ced7e\" data-element_type=\"container\" data-e-type=\"container\">\n\t\t\t\t\t<div class=\"e-con-inner\">\n\t\t\t\t<div class=\"elementor-element elementor-element-fd9a3f8 elementor-widget elementor-widget-heading\" data-id=\"fd9a3f8\" data-element_type=\"widget\" data-e-type=\"widget\" data-widget_type=\"heading.default\">\n\t\t\t\t\t<h2 class=\"elementor-heading-title elementor-size-default\">Mentions L\u00e9gales<\/h2>\t\t\t\t<\/div>\n\t\t\t\t<div class=\"elementor-element elementor-element-2c65462 elementor-widget elementor-widget-text-editor\" data-id=\"2c65462\" data-element_type=\"widget\" data-e-type=\"widget\" data-widget_type=\"text-editor.default\">\n\t\t\t\t\t\t\t\t\t<p data-path-to-node=\"4\">Conform\u00e9ment aux dispositions des Articles 6-III et 19 de la Loi n\u00b02004-575 du 21 juin 2004 pour la Confiance dans l\u2019\u00c9conomie Num\u00e9rique (L.C.E.N.), il est port\u00e9 \u00e0 la connaissance des utilisateurs et visiteurs du site <b data-path-to-node=\"4\" data-index-in-node=\"217\">onukdigital.fr<\/b> les pr\u00e9sentes mentions l\u00e9gales.<\/p><h2 data-path-to-node=\"5\">1. \u00c9diteur du site<\/h2><p data-path-to-node=\"6\">Le site <b data-path-to-node=\"6\" data-index-in-node=\"8\">onukdigital.fr<\/b> est la propri\u00e9t\u00e9 exclusive de l&rsquo;entreprise individuelle <b data-path-to-node=\"6\" data-index-in-node=\"79\">Onuk Digital<\/b>, repr\u00e9sent\u00e9e par son fondateur :<\/p><ul data-path-to-node=\"7\"><li><p data-path-to-node=\"7,0,0\"><b data-path-to-node=\"7,0,0\" data-index-in-node=\"0\">Nom et Pr\u00e9nom :<\/b> Onur KIYICI<\/p><\/li><li><p data-path-to-node=\"7,1,0\"><b data-path-to-node=\"7,1,0\" data-index-in-node=\"0\">Si\u00e8ge social : <\/b>65 Avenue Jules Guesde, 69200 V\u00e9nissieux<\/p><\/li><li><p data-path-to-node=\"7,2,0\"><b data-path-to-node=\"7,2,0\" data-index-in-node=\"0\">SIRET :<\/b> 91028755600039<\/p><\/li><li><p data-path-to-node=\"7,3,0\"><b data-path-to-node=\"7,3,0\" data-index-in-node=\"0\">Directeur de la publication :<\/b> Onur KIYICI<\/p><\/li><li><p data-path-to-node=\"7,4,0\"><b data-path-to-node=\"7,4,0\" data-index-in-node=\"0\">Contact email :<\/b> contact.onukdigital@gmail.com<\/p><\/li><li><p data-path-to-node=\"7,5,0\"><b data-path-to-node=\"7,5,0\" data-index-in-node=\"0\">Contact t\u00e9l\u00e9phonique :<\/b> 06.52.02.09.88<\/p><\/li><\/ul><h2 data-path-to-node=\"8\">2. H\u00e9bergement du site<\/h2><p data-path-to-node=\"8\">Le site est h\u00e9berg\u00e9 par la soci\u00e9t\u00e9 <b data-path-to-node=\"8\" data-index-in-node=\"35\">OVH SAS<\/b> :<\/p><ul data-path-to-node=\"9\"><li><p data-path-to-node=\"9,0,0\"><b data-path-to-node=\"9,0,0\" data-index-in-node=\"0\">D\u00e9nomination sociale :<\/b> OVH SAS<\/p><\/li><li><p data-path-to-node=\"9,1,0\"><b data-path-to-node=\"9,1,0\" data-index-in-node=\"0\">Adresse :<\/b> 2 rue Kellermann, 59100 Roubaix, France<\/p><\/li><li><p data-path-to-node=\"9,2,0\"><b data-path-to-node=\"9,2,0\" data-index-in-node=\"0\">Immatriculation :<\/b> RCS Lille M\u00e9tropole 424 761 419<\/p><\/li><li><p data-path-to-node=\"9,3,0\"><b data-path-to-node=\"9,3,0\" data-index-in-node=\"0\">Site web :<\/b> <a class=\"ng-star-inserted\" href=\"https:\/\/www.ovhcloud.com\/\" target=\"_blank\" rel=\"noopener\" data-hveid=\"0\" data-ved=\"0CAAQ_4QMahcKEwj3yf24_ueTAxUAAAAAHQAAAAAQZA\">www.ovhcloud.com<\/a><\/p><\/li><\/ul><h2 data-path-to-node=\"11\">3. Propri\u00e9t\u00e9 intellectuelle<\/h2><p data-path-to-node=\"12\">L&rsquo;ensemble de ce site (structure, design, logos, textes, images, graphismes) est la propri\u00e9t\u00e9 exclusive d&rsquo;<b data-path-to-node=\"12\" data-index-in-node=\"106\">Onuk Digital<\/b>, \u00e0 l&rsquo;exception des marques, logos ou contenus appartenant \u00e0 d&rsquo;autres soci\u00e9t\u00e9s partenaires ou clients cit\u00e9s.<\/p><p data-path-to-node=\"13\">Toute reproduction, repr\u00e9sentation, modification, publication, adaptation de tout ou partie des \u00e9l\u00e9ments du site, quel que soit le moyen ou le proc\u00e9d\u00e9 utilis\u00e9, est interdite, sauf autorisation \u00e9crite pr\u00e9alable de <b data-path-to-node=\"13\" data-index-in-node=\"213\">Onur KIYICI<\/b>. Toute exploitation non autoris\u00e9e du site ou de l\u2019un quelconque des \u00e9l\u00e9ments qu\u2019il contient sera consid\u00e9r\u00e9e comme constitutive d\u2019une contrefa\u00e7on et poursuivie conform\u00e9ment aux dispositions des articles L.335-2 et suivants du Code de Propri\u00e9t\u00e9 Intellectuelle.<\/p><h2 data-path-to-node=\"14\">4. Responsabilit\u00e9<\/h2><p data-path-to-node=\"15\"><b data-path-to-node=\"15\" data-index-in-node=\"0\">Onuk Digital<\/b> s&rsquo;efforce de fournir sur le site des informations aussi pr\u00e9cises que possible. Toutefois, l&rsquo;\u00e9diteur ne pourra \u00eatre tenu responsable des omissions, des inexactitudes et des carences dans la mise \u00e0 jour, qu&rsquo;elles soient de son fait ou du fait des tiers partenaires qui lui fournissent ces informations.<\/p><p data-path-to-node=\"16\">Le site <b data-path-to-node=\"16\" data-index-in-node=\"8\">onukdigital.fr<\/b> contient des liens hypertextes vers d&rsquo;autres sites. Onuk Digital n&rsquo;exerce aucun contr\u00f4le sur le contenu de ces sites et d\u00e9cline toute responsabilit\u00e9 quant aux informations qui y sont pr\u00e9sent\u00e9es.<\/p>\t\t\t\t\t\t\t\t<\/div>\n\t\t\t\t\t<\/div>\n\t\t\t\t<\/div>\n\t\t\t\t<\/div>","protected":false},"excerpt":{"rendered":"<p>Mentions L\u00e9gales Conform\u00e9ment aux dispositions des Articles 6-III et 19 de la Loi n\u00b02004-575 du 21 juin 2004 pour la Confiance dans l\u2019\u00c9conomie Num\u00e9rique (L.C.E.N.), il est port\u00e9 \u00e0 la connaissance des utilisateurs et visiteurs du site onukdigital.fr les pr\u00e9sentes mentions l\u00e9gales. 1. \u00c9diteur du site Le site onukdigital.fr est la propri\u00e9t\u00e9 exclusive de l&rsquo;entreprise [&hellip;]<\/p>\n","protected":false},"author":1,"featured_media":0,"parent":0,"menu_order":0,"comment_status":"closed","ping_status":"closed","template":"elementor_header_footer","meta":{"footnotes":""},"class_list":["post-655","page","type-page","status-publish","hentry"],"_links":{"self":[{"href":"https:\/\/onukdigital.fr\/en\/wp-json\/wp\/v2\/pages\/655","targetHints":{"allow":["GET"]}}],"collection":[{"href":"https:\/\/onukdigital.fr\/en\/wp-json\/wp\/v2\/pages"}],"about":[{"href":"https:\/\/onukdigital.fr\/en\/wp-json\/wp\/v2\/types\/page"}],"author":[{"embeddable":true,"href":"https:\/\/onukdigital.fr\/en\/wp-json\/wp\/v2\/users\/1"}],"replies":[{"embeddable":true,"href":"https:\/\/onukdigital.fr\/en\/wp-json\/wp\/v2\/comments?post=655"}],"version-history":[{"count":10,"href":"https:\/\/onukdigital.fr\/en\/wp-json\/wp\/v2\/pages\/655\/revisions"}],"predecessor-version":[{"id":665,"href":"https:\/\/onukdigital.fr\/en\/wp-json\/wp\/v2\/pages\/655\/revisions\/665"}],"wp:attachment":[{"href":"https:\/\/onukdigital.fr\/en\/wp-json\/wp\/v2\/media?parent=655"}],"curies":[{"name":"wp","href":"https:\/\/api.w.org\/{rel}","templated":true}]}}